{"id":230,"date":"2025-04-30T03:35:36","date_gmt":"2025-04-30T03:35:36","guid":{"rendered":"https:\/\/prachestahomeappliance.in\/?post_type=product&#038;p=230"},"modified":"2025-04-30T03:36:54","modified_gmt":"2025-04-30T03:36:54","slug":"cp-unc-ve21zl4c-vmds-q","status":"publish","type":"product","link":"https:\/\/prachestahomeappliance.in\/index.php\/product\/cp-unc-ve21zl4c-vmds-q\/","title":{"rendered":"CP-UNC-VE21ZL4C-VMDS-Q"},"content":{"rendered":"<table class=\"table table-product table-striped\">\n<tbody>\n<tr>\n<td><strong>Image Sensor<\/strong><\/td>\n<td>1\/2.8\u201d 2MP PS CMOS Image Sensor (0.9071 Centimeter)<\/td>\n<\/tr>\n<tr>\n<td><strong>Minimum Illumination<\/strong><\/td>\n<td>0.006 Lux@F1.6(Color,30IRE), 0.0006 Lux@F1.6(B\/W,30IRE) 0 lux (IR on)<\/td>\n<\/tr>\n<tr>\n<td><strong>Effective Pixels<\/strong><\/td>\n<td>1920 (H) \u00d7 1080 (V)<\/td>\n<\/tr>\n<tr>\n<td><strong>Shutter Speed<\/strong><\/td>\n<td>Auto\/Manual 1\/3 s\u20131\/100,000 s<\/td>\n<\/tr>\n<tr>\n<td><strong>Angle Adjustment<\/strong><\/td>\n<td>Pan: 0\u00b0\u2013355\u00b0, Tilt: 0\u00b0\u201365\u00b0, Rotation: 0\u00b0\u2013355\u00b0<\/td>\n<\/tr>\n<tr>\n<td><strong>RAM<\/strong><\/td>\n<td>512 MB<\/td>\n<\/tr>\n<tr>\n<td><strong>ROM<\/strong><\/td>\n<td>128 MB<\/td>\n<\/tr>\n<tr>\n<td><strong>White Balance<\/strong><\/td>\n<td>Auto, natural, street lamp, outdoor, manual, regional custom<\/td>\n<\/tr>\n<tr>\n<td><strong>Lens<\/strong><\/td>\n<td>2.7mm~13.5mm<\/td>\n<\/tr>\n<tr>\n<td><strong>Gain Control(AGC)<\/strong><\/td>\n<td>Auto<\/td>\n<\/tr>\n<tr>\n<td><strong>Lens Type<\/strong><\/td>\n<td>Motorized<\/td>\n<\/tr>\n<tr>\n<td><strong>Iris Type<\/strong><\/td>\n<td>Fixed<\/td>\n<\/tr>\n<tr>\n<td><strong>Max. Aperture<\/strong><\/td>\n<td>F1.5<\/td>\n<\/tr>\n<tr>\n<td><strong>Lens Mount<\/strong><\/td>\n<td>\u03c614<\/td>\n<\/tr>\n<tr>\n<td><strong>Close Focus Distance<\/strong><\/td>\n<td>0.8 Mtr.<\/td>\n<\/tr>\n<tr>\n<td><strong>DORI Distance<\/strong><\/td>\n<td>W: 44.1 Mtr. (Detect), 17.7 Mtr. (Observe), 8.8 Mtr. (Recognize), 4.4 Mtr.(Identify) T: 144.8 Mtr. (Detect), 57.9Mtr. (Observe), 29.0Mtr. (Recognize), 14.5 Mtr. (Identify)<\/td>\n<\/tr>\n<tr>\n<td><strong>Back Light Compensation<\/strong><\/td>\n<td>BLC \/ HLC \/ WDR(120dB)<\/td>\n<\/tr>\n<tr>\n<td><strong>Angle of view<\/strong><\/td>\n<td>H: 109\u00b0\u201330\u00b0, V: 56\u00b0\u201317\u00b0, D: 131\u00b0\u201335\u00b0<\/td>\n<\/tr>\n<tr>\n<td><strong>Stream Capability<\/strong><\/td>\n<td>H.265 Quad Stream<\/td>\n<\/tr>\n<tr>\n<td><strong>S\/N Ratio<\/strong><\/td>\n<td>&gt;55 dB<\/td>\n<\/tr>\n<tr>\n<td><strong>Video Format<\/strong><\/td>\n<td>PAL\/NTSC<\/td>\n<\/tr>\n<tr>\n<td><strong>Video Compression<\/strong><\/td>\n<td>Instastream, H.264+, H.265, H.264, H.264H, H.264B, MJPEG (Only supported by the sub stream)<\/td>\n<\/tr>\n<tr>\n<td><strong>Resolution<\/strong><\/td>\n<td>2MP(1920\u00d71080), 1.3MP(1280\u00d7960), 1MP(1280\u00d7720), D1(704\u00d7576\/704\u00d7480), VGA(640\u00d7480), CIF(352\u00d7288\/352\u00d7240)<\/td>\n<\/tr>\n<tr>\n<td><strong>Bit Rate Control<\/strong><\/td>\n<td>CBR\/VBR<\/td>\n<\/tr>\n<tr>\n<td><strong>Bit Rate<\/strong><\/td>\n<td>H.264: 3 kbps\u20136144 kbps, H.265: 3 kbps\u20136144 kbps<\/td>\n<\/tr>\n<tr>\n<td><strong>Noise Reduction<\/strong><\/td>\n<td>3D DNR<\/td>\n<\/tr>\n<tr>\n<td><strong>Image Stabilization<\/strong><\/td>\n<td>Electronic Image Stabilization (EIS)<\/td>\n<\/tr>\n<tr>\n<td><strong>Privacy Mask<\/strong><\/td>\n<td>4 Area<\/td>\n<\/tr>\n<tr>\n<td><strong>Two-way Talk<\/strong><\/td>\n<td>Yes<\/td>\n<\/tr>\n<tr>\n<td><strong>Audio Input<\/strong><\/td>\n<td>1 Channel (RCA port)<\/td>\n<\/tr>\n<tr>\n<td><strong>Audio Output<\/strong><\/td>\n<td>2 Channel (RCA port)<\/td>\n<\/tr>\n<tr>\n<td><strong>Audio Compression<\/strong><\/td>\n<td>PCM, G.711a, G.711Mu, G.726, MPEG2-Layer2, G.722.1<\/td>\n<\/tr>\n<tr>\n<td><strong>Alarm IN<\/strong><\/td>\n<td>1 channel in: 5mA 3V\u20135V DC<\/td>\n<\/tr>\n<tr>\n<td><strong>Alarm Out<\/strong><\/td>\n<td>1 channel out: 300mA 12V DC<\/td>\n<\/tr>\n<tr>\n<td><strong>OSD<\/strong><\/td>\n<td>Camera title, Date &amp; Time<\/td>\n<\/tr>\n<tr>\n<td><strong>Protocol<\/strong><\/td>\n<td>FTP, IPv6, IPv4, DNS, RTCP, NTP, RTP, HTTP, HTTPS, SNMP V1\/V2\/V3, TCP\/IP, PPPoE, UPnP, NFS, UDP, ICMP, SSL, DHCP, SMTP, RTSPS,ONVIF (Profile S,Profile G,Profile T), unicast, Multicast<\/td>\n<\/tr>\n<tr>\n<td><strong>IVS (Optional)<\/strong><\/td>\n<td>Tripwire, Intrusion, Object Abandon\/ Missing, SMD, Face Detection.<\/td>\n<\/tr>\n<tr>\n<td><strong>Ethernet<\/strong><\/td>\n<td>RJ-45 (10\/100Base-T)<\/td>\n<\/tr>\n<tr>\n<td><strong>Day\/Night<\/strong><\/td>\n<td>Auto (ICR)\/Color\/B\/W<\/td>\n<\/tr>\n<tr>\n<td><strong>Alarm Event<\/strong><\/td>\n<td>Motion\/tampering detection, audio detection, network disconnection detection, IP conflict detection, memory card state detection, memory space detection<\/td>\n<\/tr>\n<tr>\n<td><strong>User\/Host<\/strong><\/td>\n<td>20 (Total bandwidth: 80 Mbps)<\/td>\n<\/tr>\n<tr>\n<td><strong>Browser<\/strong><\/td>\n<td>Microsoft Edge and Chrome<\/td>\n<\/tr>\n<tr>\n<td><strong>Mirror Function<\/strong><\/td>\n<td>Support<\/td>\n<\/tr>\n<tr>\n<td><strong>Storage<\/strong><\/td>\n<td>SFTP, Micro SD card (support max. 512 GB), NAS<\/td>\n<\/tr>\n<tr>\n<td><strong>Frame Rate<\/strong><\/td>\n<td>Main stream: 2MP\/1.3MP\/1MP\/D1 @(1-25\/30fps), Sub stream 1: D1\/VGA\/CIF@(1-25\/30fps) Sub stream 2: 2MP\/1.3MP\/1MP\/D1@(1-25\/30fps), Sub stream 3: D1\/VGA\/CIF@(1-25\/30fps)<\/td>\n<\/tr>\n<tr>\n<td><strong>IR Distance<\/strong><\/td>\n<td>40 Mtr. (IR)<\/td>\n<\/tr>\n<tr>\n<td><strong>IR Number<\/strong><\/td>\n<td>3 (IR LED)<\/td>\n<\/tr>\n<tr>\n<td><strong>Image Rotation<\/strong><\/td>\n<td>0\u00b0\/90\u00b0\/180\u00b0\/270\u00b0 (Support 90\u00b0\/270\u00b0 with 1080p resolution and lower)<\/td>\n<\/tr>\n<tr>\n<td><strong>Defog<\/strong><\/td>\n<td>Support<\/td>\n<\/tr>\n<tr>\n<td><strong>Weatherproof Standard<\/strong><\/td>\n<td>IP67 &amp; IK10<\/td>\n<\/tr>\n<tr>\n<td><strong>Operating Temperature<\/strong><\/td>\n<td>\u201330 \u00b0C to +60 \u00b0C (\u201322 \u00b0F to +140 \u00b0F)<\/td>\n<\/tr>\n<tr>\n<td><strong>Operating Humidity<\/strong><\/td>\n<td>\u226495% RH, non-condensing<\/td>\n<\/tr>\n<tr>\n<td><strong>Storage Temperature<\/strong><\/td>\n<td>\u201330 \u00b0C to +60 \u00b0C (\u201322 \u00b0F to +140 \u00b0F)<\/td>\n<\/tr>\n<tr>\n<td><strong>Storage Humidity<\/strong><\/td>\n<td>10%\u201395% RH, non-condensing<\/td>\n<\/tr>\n<tr>\n<td><strong>Power Source<\/strong><\/td>\n<td>12 VDC\/24 VAC\/PoE (802.3af)<\/td>\n<\/tr>\n<tr>\n<td><strong>Power Consumption<\/strong><\/td>\n<td>Basic: 1.6 W (12 VDC), 1.9 W (24 VAC), 3.1 W (PoE) Max. (H.265 + WDR + Intelligence on + IR on: 7.9 W (12 VDC), 9.5 W (24 VAC), 9.9W (PoE)<\/td>\n<\/tr>\n<tr>\n<td><strong>Dimension<\/strong><\/td>\n<td>159.1 mm \u00d7 118.1 mm<\/td>\n<\/tr>\n<tr>\n<td><strong>Weight<\/strong><\/td>\n<td>0.91 kg<\/td>\n<\/tr>\n<\/tbody>\n<\/table>\n","protected":false},"excerpt":{"rendered":"<ul class=\"product-info-list\">\n<li>1\/2.8\u201d 2MP PS CMOS Image Sensor (0.9071 Centimeter)<\/li>\n<li><i class=\"fa fa-circle\"><\/i>1920(H) \u00d7 1080(V) @25\/30 fps<\/li>\n<li><i class=\"fa fa-circle\"><\/i>Instastream, H.265, H.264+, H.264, H.264H, H.264B, MJPEG<\/li>\n<li><i class=\"fa fa-circle\"><\/i>Support H.265 Quad Stream<\/li>\n<li><i class=\"fa fa-circle\"><\/i>WDR(120dB), Day\/Night(ICR), 3D DNR, ROI, Defog, BLC, HLC, AWB, AGC<\/li>\n<li><i class=\"fa fa-circle\"><\/i>2.7mm ~13.5mm Motorized lens<\/li>\n<li><i class=\"fa fa-circle\"><\/i>IR Range of 40 Mtr.<\/li>\n<li><i class=\"fa fa-circle\"><\/i>Support Starlight Technology<\/li>\n<li><i class=\"fa fa-circle\"><\/i>Built in Mic, Digital watermarking, Micro SD, IP67, IK10, PoE<\/li>\n<li><\/li>\n<\/ul>\n","protected":false},"featured_media":232,"comment_status":"open","ping_status":"closed","template":"","meta":{"site-sidebar-layout":"default","site-content-layout":"","ast-site-content-layout":"default","site-content-style":"default","site-sidebar-style":"default","ast-global-header-display":"","ast-banner-title-visibility":"","ast-main-header-display":"","ast-hfb-above-header-display":"","ast-hfb-below-header-display":"","ast-hfb-mobile-header-display":"","site-post-title":"","ast-breadcrumbs-content":"","ast-featured-img":"","footer-sml-layout":"","theme-transparent-header-meta":"default","adv-header-id-meta":"","stick-header-meta":"","header-above-stick-meta":"","header-main-stick-meta":"","header-below-stick-meta":"","astra-migrate-meta-layouts":"set","ast-page-background-enabled":"default","ast-page-background-meta":{"desktop":{"background-color":"var(--ast-global-color-5)","background-image":"","background-repeat":"repeat","background-position":"center center","background-size":"auto","background-attachment":"scroll","background-type":"","background-media":"","overlay-type":"","overlay-color":"","overlay-opacity":"","overlay-gradient":""},"tablet":{"background-color":"","background-image":"","background-repeat":"repeat","background-position":"center center","background-size":"auto","background-attachment":"scroll","background-type":"","background-media":"","overlay-type":"","overlay-color":"","overlay-opacity":"","overlay-gradient":""},"mobile":{"background-color":"","background-image":"","background-repeat":"repeat","background-position":"center center","background-size":"auto","background-attachment":"scroll","background-type":"","background-media":"","overlay-type":"","overlay-color":"","overlay-opacity":"","overlay-gradient":""}},"ast-content-background-meta":{"desktop":{"background-color":"var(--ast-global-color-4)","background-image":"","background-repeat":"repeat","background-position":"center center","background-size":"auto","background-attachment":"scroll","background-type":"","background-media":"","overlay-type":"","overlay-color":"","overlay-opacity":"","overlay-gradient":""},"tablet":{"background-color":"var(--ast-global-color-4)","background-image":"","background-repeat":"repeat","background-position":"center center","background-size":"auto","background-attachment":"scroll","background-type":"","background-media":"","overlay-type":"","overlay-color":"","overlay-opacity":"","overlay-gradient":""},"mobile":{"background-color":"var(--ast-global-color-4)","background-image":"","background-repeat":"repeat","background-position":"center center","background-size":"auto","background-attachment":"scroll","background-type":"","background-media":"","overlay-type":"","overlay-color":"","overlay-opacity":"","overlay-gradient":""}}},"product_brand":[],"product_cat":[23],"product_tag":[],"class_list":{"0":"post-230","1":"product","2":"type-product","3":"status-publish","4":"has-post-thumbnail","6":"product_cat-cppplus-2mp","7":"desktop-align-left","8":"tablet-align-left","9":"mobile-align-left","11":"first","12":"instock","13":"shipping-taxable","14":"purchasable","15":"product-type-simple"},"_links":{"self":[{"href":"https:\/\/prachestahomeappliance.in\/index.php\/wp-json\/wp\/v2\/product\/230","targetHints":{"allow":["GET"]}}],"collection":[{"href":"https:\/\/prachestahomeappliance.in\/index.php\/wp-json\/wp\/v2\/product"}],"about":[{"href":"https:\/\/prachestahomeappliance.in\/index.php\/wp-json\/wp\/v2\/types\/product"}],"replies":[{"embeddable":true,"href":"https:\/\/prachestahomeappliance.in\/index.php\/wp-json\/wp\/v2\/comments?post=230"}],"wp:featuredmedia":[{"embeddable":true,"href":"https:\/\/prachestahomeappliance.in\/index.php\/wp-json\/wp\/v2\/media\/232"}],"wp:attachment":[{"href":"https:\/\/prachestahomeappliance.in\/index.php\/wp-json\/wp\/v2\/media?parent=230"}],"wp:term":[{"taxonomy":"product_brand","embeddable":true,"href":"https:\/\/prachestahomeappliance.in\/index.php\/wp-json\/wp\/v2\/product_brand?post=230"},{"taxonomy":"product_cat","embeddable":true,"href":"https:\/\/prachestahomeappliance.in\/index.php\/wp-json\/wp\/v2\/product_cat?post=230"},{"taxonomy":"product_tag","embeddable":true,"href":"https:\/\/prachestahomeappliance.in\/index.php\/wp-json\/wp\/v2\/product_tag?post=230"}],"curies":[{"name":"wp","href":"https:\/\/api.w.org\/{rel}","templated":true}]}}